{"id":80,"date":"2022-04-04T17:57:15","date_gmt":"2022-04-04T17:57:15","guid":{"rendered":"https:\/\/www.scoalaburuienesti.ro\/?page_id=80"},"modified":"2022-04-04T17:58:59","modified_gmt":"2022-04-04T17:58:59","slug":"oferta-scolarizare-ptr-anul-scolar-2022-2023","status":"publish","type":"page","link":"https:\/\/www.scoalaburuienesti.ro\/index.php\/oferta-scolarizare-ptr-anul-scolar-2022-2023\/","title":{"rendered":"OFERT\u0102 \u0218COLARIZARE PTR. ANUL \u0218COLAR 2022\/2023"},"content":{"rendered":"<div class=\"post-content\">\n<p><strong>\u015eCOALA GIMNAZIAL\u0102 \u201eGHEORGHE P\u0102TRA\u015eCU\u201d<\/strong><\/p>\n\n\n\n<p><strong>Circumscrip\u0163ia \u015fcolar\u0103<\/strong><\/p>\n\n\n\n<p>&nbsp;&nbsp;<strong>\u015eCOALA GIMNAZIAL\u0102 \u201eGHEORGHE P\u0102TRA\u015eCU<\/strong><\/p>\n\n\n\n<p>\u00cen clasa preg\u0103titoare&nbsp; &nbsp;vor fi \u00eenscri\u0219i elevii cu domiciliul \u00een satul Buruiene\u0219ti, comuna Dolje\u0219ti.<\/p>\n\n\n\n<p>1 CLAS\u0102 PREG\u0102TITOARE \u2013 22 LOCURI (f\u0103r\u0103 posibilitate de after school)<\/p>\n\n\n\n<p>&nbsp;<strong>\u015eCOALA GIMNAZIAL\u0102, COMUNA DOLJE\u0218TI<\/strong><\/p>\n\n\n\n<p>\u00cen clasa preg\u0103titoare&nbsp; &nbsp;vor fi \u00eenscri\u0219i elevii cu domiciliul \u00een satele Buhonca, Dolje\u0219ti \u0219i Rotunda din comuna Dolje\u0219ti.<\/p>\n\n\n\n<p>1 CLAS\u0102 PREG\u0102TITOARE\u2013 23 LOCURI (f\u0103r\u0103 posibilitate de after school)<\/p>\n\n\n\n<p><strong>\u00cen cursul anului \u0219colar 2022\/2023 clasele preg\u0103titoare au fost dotate cu urm\u0103toarele materiale (exprimate \u00een buc\u0103\u021bi):<\/strong><\/p>\n\n\n\n<figure class=\"wp-block-table\"><table><tbody><tr><td>1<\/td><td>Mingi de diferite m\u0103rimi<\/td><td>6<\/td><\/tr><tr><td>2<\/td><td>Coard\u0103<\/td><td>7<\/td><\/tr><tr><td>3<\/td><td>Cartona\u015fe cu cifre de la 0 la 9<\/td><td>1<\/td><\/tr><tr><td>4<\/td><td>Diverse jocuri cu jetoane<\/td><td>1<\/td><\/tr><tr><td>5<\/td><td>Be\u0163i\u015foare lungi<\/td><td>1<\/td><\/tr><tr><td>6<\/td><td>Be\u0163i\u015foare scurte<\/td><td>1<\/td><\/tr><tr><td>7<\/td><td>Rigl\u0103<\/td><td>2<\/td><\/tr><tr><td>8<\/td><td>Ceas<\/td><td>1<\/td><\/tr><tr><td>9<\/td><td>Set de monede \u015fi bancnote<\/td><td>1<\/td><\/tr><tr><td>10<\/td><td>\u015eabloane cu litere \u015fi cifre<\/td><td>1<\/td><\/tr><tr><td>11<\/td><td>Termometru<\/td><td>1<\/td><\/tr><tr><td>12<\/td><td>Calendar<\/td><td>1<\/td><\/tr><tr><td>13<\/td><td>Plan\u015fe didactice CP\/set<\/td><td>1<\/td><\/tr><tr><td>14<\/td><td>\u015eevalet cu accesorii pictur\u0103<\/td><td>1<\/td><\/tr><tr><td>15<\/td><td>Foarfece de plastic<\/td><td>25<\/td><\/tr><tr><td>16<\/td><td>Panou plut\u0103<\/td><td>1<\/td><\/tr><tr><td>17<\/td><td>H\u0103r\u0163i<\/td><td>3<\/td><\/tr><tr><td>18<\/td><td>Trus\u0103 corpuri geometrice<\/td><td>1<\/td><\/tr><tr><td>19<\/td><td>Glob p\u0103m\u00e2ntesc<\/td><td>1<\/td><\/tr><tr><td>20<\/td><td>Saltea de gimnastic\u0103<\/td><td>2<\/td><\/tr><tr><td>21<\/td><td>Puzzle cu aspecte din univers\/set<\/td><td>1<\/td><\/tr><tr><td>22<\/td><td>Puzzle cu pove\u015fti\/set<\/td><td>1<\/td><\/tr><tr><td>23<\/td><td>Lup\u0103<\/td><td>1<\/td><\/tr><tr><td>24<\/td><td>Alfabetar<\/td><td>1<\/td><\/tr><tr><td>25<\/td><td>Metru croitorie<\/td><td>1<\/td><\/tr><tr><td>26<\/td><td>Balan\u0163\u0103<\/td><td>1<\/td><\/tr><tr><td>27<\/td><td>Sistem de cuburi care se \u00eembin\u0103<\/td><td>1<\/td><\/tr><\/tbody><\/table><\/figure>\n\n\n\n<p><strong>Metodologia \u015fi calendarul \u00eenscrierii \u00een \u00eenv\u0103\u0163\u0103m\u00e2ntul primar pentru anul \u015fcolar 2022-2023.<\/strong><\/p>\n\n\n\n<p>&#8211;\u00a0\u00a0\u00a0 Metodologia privind \u00eenscrierea \u00een \u00eenv\u0103\u0163\u0103m\u00e2ntul primar pentru anul \u015fcolar 2022-2023 si \u00a0Calendarul \u00eenscrierii \u00een \u00eenv\u0103\u0163\u0103m\u00e2ntul primar pentru anul 2022-2023 pot fi accesate <a href=\"http:\/\/www.isjneamt.ro\/site\/category\/inscrierea-in-invatamantul-primar-2022\/\">aici<\/a><\/p>\n<\/div>","protected":false},"excerpt":{"rendered":"<p>\u015eCOALA GIMNAZIAL\u0102 \u201eGHEORGHE P\u0102TRA\u015eCU\u201d Circumscrip\u0163ia \u015fcolar\u0103 &nbsp;&nbsp;\u015eCOALA GIMNAZIAL\u0102 \u201eGHEORGHE P\u0102TRA\u015eCU \u00cen clasa preg\u0103titoare&nbsp; &nbsp;vor fi \u00eenscri\u0219i<a href=\"https:\/\/www.scoalaburuienesti.ro\/index.php\/oferta-scolarizare-ptr-anul-scolar-2022-2023\/\">Know More<i class=\"fa fa-long-arrow-right\" aria-hidden=\"true\"><\/i><\/a><\/p>\n","protected":false},"author":1,"featured_media":0,"parent":0,"menu_order":0,"comment_status":"closed","ping_status":"closed","template":"","meta":{"ngg_post_thumbnail":0,"footnotes":""},"class_list":["post-80","page","type-page","status-publish","hentry"],"_links":{"self":[{"href":"https:\/\/www.scoalaburuienesti.ro\/index.php\/wp-json\/wp\/v2\/pages\/80","targetHints":{"allow":["GET"]}}],"collection":[{"href":"https:\/\/www.scoalaburuienesti.ro\/index.php\/wp-json\/wp\/v2\/pages"}],"about":[{"href":"https:\/\/www.scoalaburuienesti.ro\/index.php\/wp-json\/wp\/v2\/types\/page"}],"author":[{"embeddable":true,"href":"https:\/\/www.scoalaburuienesti.ro\/index.php\/wp-json\/wp\/v2\/users\/1"}],"replies":[{"embeddable":true,"href":"https:\/\/www.scoalaburuienesti.ro\/index.php\/wp-json\/wp\/v2\/comments?post=80"}],"version-history":[{"count":3,"href":"https:\/\/www.scoalaburuienesti.ro\/index.php\/wp-json\/wp\/v2\/pages\/80\/revisions"}],"predecessor-version":[{"id":84,"href":"https:\/\/www.scoalaburuienesti.ro\/index.php\/wp-json\/wp\/v2\/pages\/80\/revisions\/84"}],"wp:attachment":[{"href":"https:\/\/www.scoalaburuienesti.ro\/index.php\/wp-json\/wp\/v2\/media?parent=80"}],"curies":[{"name":"wp","href":"https:\/\/api.w.org\/{rel}","templated":true}]}}