{"id":57,"date":"2021-03-31T08:14:16","date_gmt":"2021-03-31T08:14:16","guid":{"rendered":"http:\/\/www.scoalaburuienesti.ro\/?page_id=57"},"modified":"2021-03-31T08:14:17","modified_gmt":"2021-03-31T08:14:17","slug":"metodologia-de-inscriere-in-copiilor-in-invatamantul-primar-pentru-anul-scolar-2021-2022","status":"publish","type":"page","link":"https:\/\/www.scoalaburuienesti.ro\/index.php\/metodologia-de-inscriere-in-copiilor-in-invatamantul-primar-pentru-anul-scolar-2021-2022\/","title":{"rendered":"Metodologia de \u00eenscriere \u00een copiilor \u00een \u00eenv\u0103\u021b\u0103m\u00e2ntul primar pentru anul \u0219colar 2021-2022"},"content":{"rendered":"<div class=\"post-content\">\n<h2 class=\"wp-block-heading\"><\/h2>\n\n\n\n<p><strong>Preg\u0103tirea procesului de \u00eenscriere&nbsp;\u00eencepe \u00een data de 17 martie 2021<\/strong>, dat\u0103 \u00een care fiecare unitate de \u00eenv\u0103\u021b\u0103m\u00e2nt \u0219i inspectoratul \u0219colar vor afi\u0219a circumscrip\u021biile \u0219colare, planul de \u0219colarizare propus \u0219i num\u0103rul de clase preg\u0103titoare alocate.<\/p>\n\n\n\n<p><strong>\u00cen perioada 29 martie \u2013 28 aprilie 2021, p\u0103rin\u021bii\/tutorii legal institui\u021bi\/reprezentan\u021bii legali vor completa\/depune\/transmite cererile-tip de \u00eenscriere<\/strong>. Cererile vor putea fi transmise online sau depuse la unitatea de \u00eenv\u0103\u021b\u0103m\u00e2nt la care ace\u0219tia solicit\u0103 \u00eenscrierea copiilor.<\/p>\n\n\n\n<p><strong>Prima etap\u0103 de \u00eenscriere \u00een \u00eenv\u0103\u021b\u0103m\u00e2ntul primar se va desf\u0103\u0219ura \u00een perioada 10 \u2013 20 mai 2021<\/strong>, astfel:<\/p>\n\n\n\n<ul class=\"wp-block-list\"><li><strong>10 \u2013 11 mai 2021<\/strong>: procesarea de c\u0103tre comisia na\u021bional\u0103 a cererilor-tip de \u00eenscriere, cu ajutorul aplica\u021biei informatice \u0219i repartizarea copiilor la \u0219coala de circumscrip\u021bie;<\/li><li><strong>11 \u2013 18 mai 2021<\/strong>: procesarea la nivelul unit\u0103\u021bilor de \u00eenv\u0103\u021b\u0103m\u00e2nt, pe baza informa\u021biilor din cererile-tip de \u00eenscriere \u0219i din documentele depuse\/transmise de p\u0103rin\u021bi\/ tutori legal institui\u021bi\/reprezentan\u021bi legali, a cererilor prin care se solicit\u0103 \u00eenscrierea la o alt\u0103 unitate de \u00eenv\u0103\u021b\u0103m\u00e2nt dec\u00e2t la \u0219coala de circumscrip\u021bie, pe locurile r\u0103mase libere;<\/li><li><strong>20 mai 2021<\/strong>: afi\u0219area \u00een unit\u0103\u021bile de \u00eenv\u0103\u021b\u0103m\u00e2nt \u0219i pe site-ul inspectoratului \u0219colar a candida\u021bilor \u00eenmatricula\u021bi \u0219i a num\u0103rului de locuri r\u0103mase libere.<\/li><\/ul>\n\n\n\n<p><strong>A doua etap\u0103 de \u00eenscriere \u00een \u00eenv\u0103\u021b\u0103m\u00e2ntul primar (21 mai \u2013 10 septembrie)<\/strong><\/p>\n<\/div>","protected":false},"excerpt":{"rendered":"<p>Preg\u0103tirea procesului de \u00eenscriere&nbsp;\u00eencepe \u00een data de 17 martie 2021, dat\u0103 \u00een care fiecare unitate de<a href=\"https:\/\/www.scoalaburuienesti.ro\/index.php\/metodologia-de-inscriere-in-copiilor-in-invatamantul-primar-pentru-anul-scolar-2021-2022\/\">Know More<i class=\"fa fa-long-arrow-right\" aria-hidden=\"true\"><\/i><\/a><\/p>\n","protected":false},"author":1,"featured_media":0,"parent":0,"menu_order":0,"comment_status":"closed","ping_status":"closed","template":"","meta":{"ngg_post_thumbnail":0,"footnotes":""},"class_list":["post-57","page","type-page","status-publish","hentry"],"_links":{"self":[{"href":"https:\/\/www.scoalaburuienesti.ro\/index.php\/wp-json\/wp\/v2\/pages\/57","targetHints":{"allow":["GET"]}}],"collection":[{"href":"https:\/\/www.scoalaburuienesti.ro\/index.php\/wp-json\/wp\/v2\/pages"}],"about":[{"href":"https:\/\/www.scoalaburuienesti.ro\/index.php\/wp-json\/wp\/v2\/types\/page"}],"author":[{"embeddable":true,"href":"https:\/\/www.scoalaburuienesti.ro\/index.php\/wp-json\/wp\/v2\/users\/1"}],"replies":[{"embeddable":true,"href":"https:\/\/www.scoalaburuienesti.ro\/index.php\/wp-json\/wp\/v2\/comments?post=57"}],"version-history":[{"count":1,"href":"https:\/\/www.scoalaburuienesti.ro\/index.php\/wp-json\/wp\/v2\/pages\/57\/revisions"}],"predecessor-version":[{"id":58,"href":"https:\/\/www.scoalaburuienesti.ro\/index.php\/wp-json\/wp\/v2\/pages\/57\/revisions\/58"}],"wp:attachment":[{"href":"https:\/\/www.scoalaburuienesti.ro\/index.php\/wp-json\/wp\/v2\/media?parent=57"}],"curies":[{"name":"wp","href":"https:\/\/api.w.org\/{rel}","templated":true}]}}