{"id":315,"date":"2025-03-06T10:45:50","date_gmt":"2025-03-06T10:45:50","guid":{"rendered":"https:\/\/www.scoalaburuienesti.ro\/?page_id=315"},"modified":"2025-03-06T10:45:51","modified_gmt":"2025-03-06T10:45:51","slug":"oferta-scolarizare-ptr-anul-scolar-2025-2026","status":"publish","type":"page","link":"https:\/\/www.scoalaburuienesti.ro\/index.php\/oferta-scolarizare-ptr-anul-scolar-2025-2026\/","title":{"rendered":"OFERT\u0102 \u0218COLARIZARE PTR. ANUL \u0218COLAR 2025\/2026"},"content":{"rendered":"<div class=\"post-content\">\n<p>\u015eCOALA GIMNAZIAL\u0102 \u201eGHEORGHE P\u0102TRA\u015eCU\u201d<\/p>\n\n\n\n<p>Circumscrip\u0163ia \u015fcolar\u0103<\/p>\n\n\n\n<p>\u015eCOALA GIMNAZIAL\u0102 \u201eGHEORGHE P\u0102TRA\u015eCU<\/p>\n\n\n\n<p>\u00cen clasa preg\u0103titoare vor fi \u00eenscri\u0219i elevii cu domiciliul \u00een satele Buruiene\u0219ti \u0219i Rotunda, comuna Dolje\u0219ti.<\/p>\n\n\n\n<p>2 CLASE PREG\u0102TITOARE \u2013 28 LOCURI (f\u0103r\u0103 posibilitate de after school)<\/p>\n\n\n\n<p>\u015eCOALA GIMNAZIAL\u0102, COMUNA DOLJE\u0218TI<\/p>\n\n\n\n<p>\u00cen clasa preg\u0103titoare vor fi \u00eenscri\u0219i elevii cu domiciliul \u00een satele Buhonca, Dolje\u0219ti din comuna Dolje\u0219ti.<\/p>\n\n\n\n<p>1 CLAS\u0102 PREG\u0102TITOARE\u2013 22 LOCURI (f\u0103r\u0103 posibilitate de after school)<\/p>\n<\/div>","protected":false},"excerpt":{"rendered":"<p>\u015eCOALA GIMNAZIAL\u0102 \u201eGHEORGHE P\u0102TRA\u015eCU\u201d Circumscrip\u0163ia \u015fcolar\u0103 \u015eCOALA GIMNAZIAL\u0102 \u201eGHEORGHE P\u0102TRA\u015eCU \u00cen clasa preg\u0103titoare vor fi \u00eenscri\u0219i<a href=\"https:\/\/www.scoalaburuienesti.ro\/index.php\/oferta-scolarizare-ptr-anul-scolar-2025-2026\/\">Know More<i class=\"fa fa-long-arrow-right\" aria-hidden=\"true\"><\/i><\/a><\/p>\n","protected":false},"author":1,"featured_media":0,"parent":0,"menu_order":0,"comment_status":"closed","ping_status":"closed","template":"","meta":{"ngg_post_thumbnail":0,"footnotes":""},"class_list":["post-315","page","type-page","status-publish","hentry"],"_links":{"self":[{"href":"https:\/\/www.scoalaburuienesti.ro\/index.php\/wp-json\/wp\/v2\/pages\/315","targetHints":{"allow":["GET"]}}],"collection":[{"href":"https:\/\/www.scoalaburuienesti.ro\/index.php\/wp-json\/wp\/v2\/pages"}],"about":[{"href":"https:\/\/www.scoalaburuienesti.ro\/index.php\/wp-json\/wp\/v2\/types\/page"}],"author":[{"embeddable":true,"href":"https:\/\/www.scoalaburuienesti.ro\/index.php\/wp-json\/wp\/v2\/users\/1"}],"replies":[{"embeddable":true,"href":"https:\/\/www.scoalaburuienesti.ro\/index.php\/wp-json\/wp\/v2\/comments?post=315"}],"version-history":[{"count":1,"href":"https:\/\/www.scoalaburuienesti.ro\/index.php\/wp-json\/wp\/v2\/pages\/315\/revisions"}],"predecessor-version":[{"id":316,"href":"https:\/\/www.scoalaburuienesti.ro\/index.php\/wp-json\/wp\/v2\/pages\/315\/revisions\/316"}],"wp:attachment":[{"href":"https:\/\/www.scoalaburuienesti.ro\/index.php\/wp-json\/wp\/v2\/media?parent=315"}],"curies":[{"name":"wp","href":"https:\/\/api.w.org\/{rel}","templated":true}]}}