{"id":242,"date":"2024-06-27T06:06:39","date_gmt":"2024-06-27T06:06:39","guid":{"rendered":"https:\/\/www.scoalaburuienesti.ro\/?page_id=242"},"modified":"2024-06-27T06:08:01","modified_gmt":"2024-06-27T06:08:01","slug":"educatie-timpurie","status":"publish","type":"page","link":"https:\/\/www.scoalaburuienesti.ro\/index.php\/educatie-timpurie\/","title":{"rendered":"Educatie timpurie"},"content":{"rendered":"<div class=\"post-content\">\n<p><a rel=\"noreferrer noopener\" href=\"http:\/\/www.scoalaburuienesti.ro\/wp-content\/uploads\/2024\/06\/Afis-educatie-timpurie-Doljesti.pdf\" target=\"_blank\">Afis-educatie-timpurie-Doljesti<\/a><\/p>\n\n\n\n<h3 class=\"wp-block-heading\"><img decoding=\"async\" alt=\"\ud83d\udce2\" src=\"https:\/\/fonts.gstatic.com\/s\/e\/notoemoji\/15.0\/1f4e2\/72.png\">\u00a0Anun\u021b Important pentru P\u0103rin\u021bi \u0219i Tutori!\u00a0<img decoding=\"async\" alt=\"\ud83d\udce2\" src=\"https:\/\/fonts.gstatic.com\/s\/e\/notoemoji\/15.0\/1f4e2\/72.png\"><\/h3>\n\n\n\n<p>\u00censcrierea copiilor \u00een cadrul serviciilor de Educa\u021bie Timpurie este acum deschis\u0103 \u00een Comuna Dolje\u0219ti, jude\u021bul Neam\u021b!<\/p>\n\n\n\n<p><img decoding=\"async\" alt=\"\ud83d\ude80\" src=\"https:\/\/fonts.gstatic.com\/s\/e\/notoemoji\/15.0\/1f680\/72.png\">&nbsp;Prin proiectul \u201cDezvoltarea unui serviciu de educa\u021bie&nbsp;timpurie complementare \u00een cadrul Comunei&nbsp;Dolje\u0219ti, jude\u021bul Neam\u021b\u201d se deschide o nou\u0103 structur\u0103 de educa\u021bie timpurie func\u021bional\u0103, un parteneriat \u00eentre Prim\u0103ria Comunei&nbsp;Dolje\u0219ti&nbsp;\u0219i \u0218coala Gimnazial\u0103 \u201cGHEORGHE PATRASCU\u201d Sat Buruiene\u0219ti.<\/p>\n\n\n\n<p><img decoding=\"async\" alt=\"\ud83d\udcc5\" src=\"https:\/\/fonts.gstatic.com\/s\/e\/notoemoji\/15.0\/1f4c5\/72.png\">&nbsp;Etapele \u00eenscrierii:<\/p>\n\n\n\n<ol class=\"wp-block-list\"><li><strong>Depunerea dosarelor \u0219i validarea acestora<\/strong>: p\u00e2n\u0103 la data de 02.09.2024<\/li><li><strong>Afi\u0219area listei candida\u021bilor eligibili<\/strong>: p\u00e2n\u0103 la data de 04.09.2024<\/li><\/ol>\n\n\n\n<p><img decoding=\"async\" alt=\"\ud83d\udccd\" src=\"https:\/\/fonts.gstatic.com\/s\/e\/notoemoji\/15.0\/1f4cd\/72.png\">&nbsp;<strong>Loca\u021bia<\/strong>:&nbsp;str. Vasile Alecsandri, nr. 73, loc. Rotunda, comuna Dolje\u0219ti, jud. Neam\u021b.<\/p>\n\n\n\n<p><img decoding=\"async\" alt=\"\ud83d\udee0\ufe0f\" src=\"https:\/\/fonts.gstatic.com\/s\/e\/notoemoji\/15.0\/1f6e0_fe0f\/72.png\">&nbsp;Nivelul de dotare \u0219i serviciile oferite:<\/p>\n\n\n\n<ul class=\"wp-block-list\"><li>2 s\u0103li amenajate<\/li><li>Mobilier interior specific desf\u0103\u0219ur\u0103rii activit\u0103\u021bii<\/li><li>Mobilier exterior specific locului de joac\u0103<\/li><li>Materiale didactice<\/li><li>Jocuri<\/li><li>Servicii de catering pentru copii<\/li><li>Servicii de educa\u021bie parental\u0103 de tip ateliere<\/li><li>Catering pentru activit\u0103\u021bile de consiliere p\u0103rin\u021bi<\/li><\/ul>\n\n\n\n<p><strong>Toate aceste servicii sunt GRATUITE!<\/strong><\/p>\n\n\n\n<p><img decoding=\"async\" alt=\"\ud83d\udcc4\" src=\"https:\/\/fonts.gstatic.com\/s\/e\/notoemoji\/15.0\/1f4c4\/72.png\">&nbsp;Dosarul de \u00eenscriere trebuie s\u0103 con\u021bin\u0103:<\/p>\n\n\n\n<ul class=\"wp-block-list\"><li>Cerere de \u00eenscriere \u2013 completat\u0103, semnat\u0103 \u0219i datat\u0103<\/li><li>Copie carte de identitate a p\u0103rin\u021bilor\/reprezentan\u021bilor legali\/persoanei \u00een grija c\u0103reia se afl\u0103 copilul (bunici, rude, tutori, asisten\u021bi parentali)<\/li><li>Consim\u021b\u0103m\u00e2nt de utilizare a datelor cu caracter personal \u2013 completat\u0103 \u0219i semnat\u0103<\/li><li>Certificat de na\u0219tere copil<\/li><li>Documente doveditoare pentru a stabili calitatea tutorelui legal \u2013 dac\u0103 este cazul<\/li><\/ul>\n\n\n\n<p><img decoding=\"async\" alt=\"\ud83d\udccc\" src=\"https:\/\/fonts.gstatic.com\/s\/e\/notoemoji\/15.0\/1f4cc\/72.png\">&nbsp;Dosarele se depun fizic la secretariatul \u0218colii Gimnaziale&nbsp;\u201cGHEORGHE PATRASCU\u201d Sat Buruiene\u0219ti..<\/p>\n\n\n\n<p><img decoding=\"async\" alt=\"\ud83d\udcde\" src=\"https:\/\/fonts.gstatic.com\/s\/e\/notoemoji\/15.0\/1f4de\/72.png\">&nbsp;Pentru mai multe detalii \u0219i informa\u021bii, v\u0103 pute\u021bi adresa responsabilului de grup \u021bint\u0103, dna.&nbsp;Alina PERICICA, la telefon 0763.280.875 sau e-mail:&nbsp;<a rel=\"noreferrer noopener\" href=\"mailto:scoalaburuienesti@yahoo.com\" target=\"_blank\">scoalaburuienesti@yahoo.com<\/a>.&nbsp;<\/p>\n\n\n\n<p>Asigura\u021bi-v\u0103 c\u0103 oferi\u021bi copilului dumneavoastr\u0103 cele mai bune condi\u021bii de educa\u021bie timpurie! V\u0103 a\u0219tept\u0103m cu drag s\u0103 face\u021bi parte din acest proiect minunat!<\/p>\n\n\n\n<p><\/p>\n\n\n\n<p><a rel=\"noreferrer noopener\" href=\"http:\/\/www.scoalaburuienesti.ro\/wp-content\/uploads\/2024\/06\/Afis-educatie-timpurie-Doljesti.pdf\" target=\"_blank\">Afis-educatie-timpurie-Doljesti<\/a><\/p>\n<\/div>","protected":false},"excerpt":{"rendered":"<p>Afis-educatie-timpurie-Doljesti \u00a0Anun\u021b Important pentru P\u0103rin\u021bi \u0219i Tutori!\u00a0 \u00censcrierea copiilor \u00een cadrul serviciilor de Educa\u021bie Timpurie este<a href=\"https:\/\/www.scoalaburuienesti.ro\/index.php\/educatie-timpurie\/\">Know More<i class=\"fa fa-long-arrow-right\" aria-hidden=\"true\"><\/i><\/a><\/p>\n","protected":false},"author":1,"featured_media":0,"parent":0,"menu_order":0,"comment_status":"closed","ping_status":"closed","template":"","meta":{"ngg_post_thumbnail":0,"footnotes":""},"class_list":["post-242","page","type-page","status-publish","hentry"],"_links":{"self":[{"href":"https:\/\/www.scoalaburuienesti.ro\/index.php\/wp-json\/wp\/v2\/pages\/242","targetHints":{"allow":["GET"]}}],"collection":[{"href":"https:\/\/www.scoalaburuienesti.ro\/index.php\/wp-json\/wp\/v2\/pages"}],"about":[{"href":"https:\/\/www.scoalaburuienesti.ro\/index.php\/wp-json\/wp\/v2\/types\/page"}],"author":[{"embeddable":true,"href":"https:\/\/www.scoalaburuienesti.ro\/index.php\/wp-json\/wp\/v2\/users\/1"}],"replies":[{"embeddable":true,"href":"https:\/\/www.scoalaburuienesti.ro\/index.php\/wp-json\/wp\/v2\/comments?post=242"}],"version-history":[{"count":2,"href":"https:\/\/www.scoalaburuienesti.ro\/index.php\/wp-json\/wp\/v2\/pages\/242\/revisions"}],"predecessor-version":[{"id":246,"href":"https:\/\/www.scoalaburuienesti.ro\/index.php\/wp-json\/wp\/v2\/pages\/242\/revisions\/246"}],"wp:attachment":[{"href":"https:\/\/www.scoalaburuienesti.ro\/index.php\/wp-json\/wp\/v2\/media?parent=242"}],"curies":[{"name":"wp","href":"https:\/\/api.w.org\/{rel}","templated":true}]}}