{"id":2,"date":"2021-03-18T12:52:06","date_gmt":"2021-03-18T12:52:06","guid":{"rendered":"http:\/\/www.scoalaburuienesti.ro\/?page_id=2"},"modified":"2026-03-12T14:13:43","modified_gmt":"2026-03-12T14:13:43","slug":"sample-page","status":"publish","type":"page","link":"https:\/\/www.scoalaburuienesti.ro\/","title":{"rendered":"Bine ati venit!"},"content":{"rendered":"<div class=\"post-content\">\n<p><a href=\"http:\/\/www.scoalaburuienesti.ro\/wp-content\/uploads\/2026\/03\/OFERTA-EDUCATIONALA-SCOALA-BURUIENESTI-2026_2027-1.pdf\">OFERTA-EDUCATIONALA-SCOALA-BURUIENESTI-2026_2027<\/a><br><br><a href=\"http:\/\/www.scoalaburuienesti.ro\/wp-content\/uploads\/2026\/02\/CONDITII-SPECIFICE.pdf\" target=\"_blank\" rel=\"noreferrer noopener\">CONDITII-SPECIFICE<\/a><\/p>\n\n\n\n<p><br><a href=\"http:\/\/www.scoalaburuienesti.ro\/wp-content\/uploads\/2025\/10\/Extras-procedura-acces-in-unitate.pdf\" target=\"_blank\" rel=\"noreferrer noopener\">Extras-procedura-acces-in-unitate<\/a><\/p>\n\n\n\n<p><a href=\"http:\/\/www.scoalaburuienesti.ro\/wp-content\/uploads\/2025\/09\/Rezultate-finale-concurs-Educator-puericultor.pdf\" target=\"_blank\" rel=\"noreferrer noopener\">Rezultate-finale-concurs-Educator-puericultor<\/a><\/p>\n\n\n\n<p><a href=\"http:\/\/www.scoalaburuienesti.ro\/wp-content\/uploads\/2025\/09\/Rezultate-proba-interviu.pdf\" target=\"_blank\" rel=\"noreferrer noopener\">Rezultate-proba-interviu<\/a><a href=\"http:\/\/www.scoalaburuienesti.ro\/wp-content\/uploads\/2025\/09\/CamScanner-29.09.2025-16.22-3.pdf\"><\/a><\/p>\n\n\n\n<p><a href=\"http:\/\/www.scoalaburuienesti.ro\/wp-content\/uploads\/2025\/09\/CamScanner-29.09.2025-16.22-3.pdf\" target=\"_blank\" rel=\"noreferrer noopener\">Rezultate-proba-scrisa dupa contestatii<\/a><\/p>\n\n\n\n<p><a href=\"http:\/\/www.scoalaburuienesti.ro\/wp-content\/uploads\/2025\/09\/Rezultate-proba-scrisa_Anteprescolar.pdf\" target=\"_blank\" rel=\"noreferrer noopener\">Rezultate-proba-scrisa_Anteprescolar<\/a><\/p>\n\n\n\n<p><a href=\"http:\/\/www.scoalaburuienesti.ro\/wp-content\/uploads\/2025\/09\/Rezultate-selectie-dosare.pdf\">Rezultate-selectie-dosare<\/a><\/p>\n\n\n\n<p><a href=\"http:\/\/www.scoalaburuienesti.ro\/wp-content\/uploads\/2025\/09\/REGULAMENT-INTERN-2025-2026-GRADINTA-COMUNITARA-ROTUNDA.pdf\" target=\"_blank\" rel=\"noreferrer noopener\">REGULAMENT-INTERN-2025-2026-GRADINTA-COMUNITARA-ROTUNDA<\/a><\/p>\n\n\n\n<p><a href=\"http:\/\/www.scoalaburuienesti.ro\/wp-content\/uploads\/2025\/09\/Regulament-utilizare-teren-de-sport_Sc-Buruienesti-2025-2026.pdf\">Regulament-utilizare-teren-de-sport_Sc-Buruienesti-2025-2026<\/a><\/p>\n\n\n\n<p><a href=\"http:\/\/www.scoalaburuienesti.ro\/wp-content\/uploads\/2025\/09\/Regulament-de-ordine-interioara-SC-BURUIENESTI-2025-2026.pdf\">Regulament-de-ordine-interioara-SC-BURUIENESTI-2025-2026<\/a><\/p>\n\n\n\n<p><a href=\"http:\/\/www.scoalaburuienesti.ro\/wp-content\/uploads\/2025\/09\/Codul-de-Etica-pentru-invatamantul-preuniversitar-SC-BURUIENESTI-2025-2026.pdf\">Codul-de-Etica-pentru-invatamantul-preuniversitar-SC-BURUIENESTI-2025-2026<\/a><\/p>\n\n\n\n<p><a href=\"http:\/\/www.scoalaburuienesti.ro\/wp-content\/uploads\/2025\/09\/Regulament-de-Organizare-si-Functionare-SC-BURUIENESTI-2025-2026.pdf\">Regulament-de-Organizare-si-Functionare-SC-BURUIENESTI-2025-2026<\/a><\/p>\n\n\n\n<p><a href=\"http:\/\/www.scoalaburuienesti.ro\/wp-content\/uploads\/2025\/09\/Completare-la-anuntul-din-15.09.-ref.-concurs-Educator-puericultor.pdf\">Completare-la-anuntul-din-15.09.-ref.-concurs-Educator-puericultor<\/a><\/p>\n\n\n\n<p><a href=\"http:\/\/www.scoalaburuienesti.ro\/wp-content\/uploads\/2025\/09\/Sc-Buruienesti_Anunt-concurs_2-posturi_Educator-puericultor.pdf\">Anunt-concurs_2-posturi_Educator-puericultor<\/a><\/p>\n\n\n\n<p><a href=\"http:\/\/www.scoalaburuienesti.ro\/wp-content\/uploads\/2025\/07\/4A.-Anunt-competitie-scolara.pdf\" target=\"_blank\" rel=\"noreferrer noopener\">Anunt-competitie-scolara<\/a><\/p>\n\n\n\n<figure class=\"wp-block-embed is-type-wp-embed is-provider-coala-gimnazial-quot-gheorghe-p-tra-cu-quot wp-block-embed-coala-gimnazial-quot-gheorghe-p-tra-cu-quot\"><div class=\"wp-block-embed__wrapper\">\n<blockquote class=\"wp-embedded-content\" data-secret=\"TqUnuLaQKn\"><a href=\"https:\/\/www.scoalaburuienesti.ro\/index.php\/invatare-activa-prin-metode-participative\/\">\u201e\u00cenv\u0103\u021bare activ\u0103 prin metode participative\u201d<\/a><\/blockquote><iframe loading=\"lazy\" class=\"wp-embedded-content\" sandbox=\"allow-scripts\" security=\"restricted\" style=\"position: absolute; visibility: hidden;\" title=\"&#8220;\u201e\u00cenv\u0103\u021bare activ\u0103 prin metode participative\u201d&#8221; &#8212; \u0218coala gimnazial\u0103 &quot;Gheorghe P\u0103tra\u0219cu&quot;\" src=\"https:\/\/www.scoalaburuienesti.ro\/index.php\/invatare-activa-prin-metode-participative\/embed\/#?secret=L1LFmU4OG6#?secret=TqUnuLaQKn\" data-secret=\"TqUnuLaQKn\" width=\"600\" height=\"338\" frameborder=\"0\" marginwidth=\"0\" marginheight=\"0\" scrolling=\"no\"><\/iframe>\n<\/div><\/figure>\n\n\n\n<p><a href=\"http:\/\/www.scoalaburuienesti.ro\/wp-content\/uploads\/2025\/03\/Echipa-proiect-PNRAS-Scoala-Buruienesti.pdf\">Echipa-proiect-PNRAS-Scoala-Buruienesti<\/a><\/p>\n\n\n\n<p><a href=\"http:\/\/www.scoalaburuienesti.ro\/wp-content\/uploads\/2025\/03\/REZULTATE-FINALE-IN-URMA-EVALUARII-DOSARELOR-PNRAS-SC-BURUIENESTI.pdf\">REZULTATE-FINALE-IN-URMA-EVALUARII-DOSARELOR-PNRAS-SC-BURUIENESTI &#8211; 05.03.2025<\/a><\/p>\n\n\n\n<p><a href=\"http:\/\/www.scoalaburuienesti.ro\/wp-content\/uploads\/2025\/03\/REZULTATE-IN-URMA-EVALUARII-DOSARELOR-SELECTIE-EXPERTI-PNRAS-SC-BURUIENESTI.pdf\">REZULTATE-IN-URMA-EVALUARII-DOSARELOR-SELECTIE-EXPERTI-PNRAS-SC-BURUIENESTI &#8211; 28.02.2025<\/a><\/p>\n\n\n\n<p><a href=\"http:\/\/www.scoalaburuienesti.ro\/wp-content\/uploads\/2025\/03\/ANUNT-SELECTIE-EXPERTI-PNRAS-SC-BURUIENESTI.pdf\">ANUNT-SELECTIE-EXPERTI-PNRAS-SC-BURUIENESTI &#8211; 24.02.2025<\/a><\/p>\n\n\n\n<p><a href=\"https:\/\/www.scoalaburuienesti.ro\/index.php\/oferta-scolarizare-ptr-anul-scolar-2025-2026\/\">Oferta scolarizare 2025\/2026<\/a><\/p>\n\n\n\n<p><a href=\"http:\/\/www.scoalaburuienesti.ro\/wp-content\/uploads\/2025\/03\/OFERTA-EDUCATIONALA-SCOALA-BURUIENESTI-2025_2026.pdf\">OFERTA-EDUCATIONALA-SCOALA-BURUIENESTI-2025_2026<\/a><\/p>\n\n\n\n<p><a href=\"http:\/\/www.scoalaburuienesti.ro\/wp-content\/uploads\/2025\/02\/Conditii-specifice-1.pdf\">CONDITII-SPECIFICE<\/a><\/p>\n\n\n\n<p><a href=\"http:\/\/www.scoalaburuienesti.ro\/wp-content\/uploads\/2025\/02\/OBLIGAT\u0327IILE-S\u0327I-SANCT\u0326IUNILE-APLICATE-ELEVILOR-DIN-S\u0326COLA-GIMNAZIALA\u0306-BURUIENES\u0326TI.pdf\">OBLIGAT\u0327IILE-S\u0327I-SANCT\u0326IUNILE-APLICATE-ELEVILOR-DIN-S\u0326COLA-GIMNAZIALA\u0306-BURUIENES\u0326TI<\/a><\/p>\n\n\n\n<p><a href=\"http:\/\/www.scoalaburuienesti.ro\/wp-content\/uploads\/2025\/01\/ORAR-SCOALA-BURUIENESTI_nivel_primar_2024-2025.pdf\">ORAR-SCOALA-BURUIENESTI_nivel_primar_2024-2025<\/a><\/p>\n\n\n\n<p><a href=\"http:\/\/www.scoalaburuienesti.ro\/wp-content\/uploads\/2025\/01\/ORAR-SCOALA-DOLJESTI_nivel-primar_-2024-2025.pdf\">ORAR-SCOALA-DOLJESTI_nivel-primar_-2024-2025<\/a><\/p>\n\n\n\n<p><a href=\"http:\/\/www.scoalaburuienesti.ro\/wp-content\/uploads\/2025\/01\/ORAR-SCOALA-Buruienesti-Gimnaziu_2024-2025.pdf\">ORAR-SCOALA-Buruienesti-Gimnaziu_2024-2025<\/a><\/p>\n\n\n\n<p><a href=\"http:\/\/www.scoalaburuienesti.ro\/wp-content\/uploads\/2025\/01\/ORA-SCOALA-Doljesti-Gimnaziu_2024-2025.pdf\">ORA-SCOALA-Doljesti-Gimnaziu_2024-2025<\/a><\/p>\n\n\n\n<p><a href=\"http:\/\/www.scoalaburuienesti.ro\/wp-content\/uploads\/2024\/12\/Sc_Buruienesti_Rezultate-finale_Testare_posturi-vacante-Educatie-timpurie.pdf\">Sc_Buruienesti_Rezultate-finale_Testare_posturi-vacante-Educatie-timpurie<\/a><\/p>\n\n\n\n<p><a href=\"http:\/\/www.scoalaburuienesti.ro\/wp-content\/uploads\/2024\/12\/Rezultate_proba-scrisa__Testare_posturi-vacante-Educatie-timpurie.pdf\">Rezultate_proba-scrisa__Testare_posturi-vacante-Educatie-timpurie<\/a><\/p>\n\n\n\n<p><a href=\"http:\/\/www.scoalaburuienesti.ro\/wp-content\/uploads\/2024\/12\/Rezultate_proba-dosare__Testare_posturi-vacante-Educatie-timpurie.pdf\">Rezultate_proba-dosare__Testare_posturi-vacante-Educatie-timpurie<\/a><\/p>\n\n\n\n<p><a href=\"http:\/\/www.scoalaburuienesti.ro\/wp-content\/uploads\/2024\/12\/Sc_Buruienesti_Anunt_Concurs_Testare_posturi-vacante-Educatie-timpurie.pdf\">Sc_Buruienesti_Anunt_Concurs_Testare_posturi-vacante-Educatie-timpurie<\/a><\/p>\n\n\n\n<p><a href=\"http:\/\/www.scoalaburuienesti.ro\/wp-content\/uploads\/2024\/12\/Regulament-Gradinita-comunitara-Rotunda.pdf\">Regulament-Gradinita-comunitara-Rotunda<\/a><\/p>\n\n\n\n<p><a href=\"http:\/\/www.scoalaburuienesti.ro\/wp-content\/uploads\/2024\/11\/Rezultate_Proba_Interviu_concurs-Ingrijitor-educatie-timpurie.pdf\">Rezultate_Proba_Interviu_concurs-Ingrijitor-educatie-timpurie<\/a><\/p>\n\n\n\n<p><a href=\"http:\/\/www.scoalaburuienesti.ro\/wp-content\/uploads\/2024\/11\/Rezultate_Finale_concurs-Ingrijitor-educatie-timpurie_inainte-de-contestatii.pdf\">Rezultate_Finale_concurs-Ingrijitor-educatie-timpurie_inainte-de-contestatii<\/a><\/p>\n\n\n\n<p><a href=\"http:\/\/www.scoalaburuienesti.ro\/wp-content\/uploads\/2024\/11\/Rezultate_Proba_scrisa_concurs-Ingrijitor-educatie-timpurie-1.pdf\">Rezultate_Proba_scrisa_concurs-Ingrijitor-educatie-timpurie<\/a><\/p>\n\n\n\n<p><a href=\"http:\/\/www.scoalaburuienesti.ro\/wp-content\/uploads\/2024\/11\/Anunt-interviu-27.11.2024.pdf\">Anunt-interviu-27.11.2024<\/a><\/p>\n\n\n\n<p><a href=\"http:\/\/www.scoalaburuienesti.ro\/wp-content\/uploads\/2024\/11\/Rezultate_Proba_scrisa_concurs-Ingrijitor-educatie-timpurie.pdf\">Rezultate_Proba_scrisa_concurs-Ingrijitor-educatie-timpurie<\/a><\/p>\n\n\n\n<p><a href=\"http:\/\/www.scoalaburuienesti.ro\/wp-content\/uploads\/2024\/11\/Anunt-proba-scrisa-25.11.2024.pdf\">Anunt-proba-scrisa-25.11.2024<\/a><\/p>\n\n\n\n<p><a href=\"http:\/\/www.scoalaburuienesti.ro\/wp-content\/uploads\/2024\/11\/Rezultate_selectie_dosare_concurs-Ingrijitor-educatie-timpurie.pdf\">Rezultate_selectie_dosare_concurs-Ingrijitor-educatie-timpurie<\/a><\/p>\n\n\n\n<p><a href=\"http:\/\/www.scoalaburuienesti.ro\/wp-content\/uploads\/2024\/11\/Anunt_concurs-Ingrijitor-educatie-timpurie.pdf\">Anunt_concurs-Ingrijitor-educatie-timpurie<\/a><\/p>\n\n\n\n<p><a rel=\"noreferrer noopener\" href=\"http:\/\/www.scoalaburuienesti.ro\/wp-content\/uploads\/2024\/09\/ROF-2024-2025.pdf\" target=\"_blank\">ROF-2024-2025<\/a><\/p>\n\n\n\n<p><a rel=\"noreferrer noopener\" href=\"http:\/\/www.scoalaburuienesti.ro\/wp-content\/uploads\/2024\/09\/Regulament-Intern-2024-2025-1.pdf\" target=\"_blank\">Regulament-Intern-2024-2025<\/a><\/p>\n\n\n\n<p><a href=\"http:\/\/www.scoalaburuienesti.ro\/wp-content\/uploads\/2024\/09\/Regulament-acces-teren-sport.pdf\" target=\"_blank\" rel=\"noreferrer noopener\">Regulament-acces-teren-sport<\/a><\/p>\n\n\n\n<p><a rel=\"noreferrer noopener\" href=\"http:\/\/www.scoalaburuienesti.ro\/wp-content\/uploads\/2024\/09\/Codul-etic-2024-2025.pdf\" target=\"_blank\">Codul-etic-2024-2025<\/a><\/p>\n\n\n\n<p><a href=\"https:\/\/www.scoalaburuienesti.ro\/index.php\/anunt-privind-inceperea-implementarii-proiectului-dezvoltarea-serviciilor-de-educatie-timpurie-complementare-in-cadrul-comunei-doljesti-judetul-neamt\/\">Anun\u021b privind \u00eenceperea implement\u0103rii proiectului \u201eDezvoltarea serviciilor de educa\u021bie timpurie complementare \u00een cadrul Comunei Dolje\u0219ti, jude\u021bul Neam\u021b\u201d<\/a><\/p>\n\n\n\n<p><a rel=\"noreferrer noopener\" href=\"http:\/\/www.scoalaburuienesti.ro\/wp-content\/uploads\/2024\/04\/OFERTA-EDUCATIONALA-SCOALA-BURUIENESTI-2024-2025.pdf\" target=\"_blank\">OFERTA-EDUCATIONALA-SCOALA-BURUIENESTI-2024-2025<\/a><\/p>\n\n\n\n<p><a href=\"http:\/\/www.scoalaburuienesti.ro\/wp-content\/uploads\/2024\/03\/coperta-sv.pdf\">Coperta-sv<\/a><\/p>\n\n\n\n<p><a href=\"http:\/\/www.scoalaburuienesti.ro\/wp-content\/uploads\/2024\/03\/OM_3629_2023_Saptamana_Verde.pdf\">OM_3629_2023_Saptamana_Verde<\/a><\/p>\n\n\n\n<p><a href=\"http:\/\/www.scoalaburuienesti.ro\/wp-content\/uploads\/2024\/03\/Anexa_OM_3629_2023_Metodologie_Saptamana_Verde.pdf\">Anexa_OM_3629_2023_Metodologie_Saptamana_Verde<\/a><\/p>\n\n\n\n<p><a href=\"http:\/\/www.scoalaburuienesti.ro\/wp-content\/uploads\/2023\/12\/Comunicat-de-presa_BURUIENESTI.pdf\">Comunicat-de-presa 01-06-2023<\/a><\/p>\n\n\n\n<p><a href=\"http:\/\/www.scoalaburuienesti.ro\/wp-content\/uploads\/2023\/12\/Comunicat-de-presa-PDF-29-05-2023.pdf\">Comunicat-de-presa-29-05-2023<\/a><\/p>\n\n\n\n<p><a href=\"http:\/\/www.scoalaburuienesti.ro\/wp-content\/uploads\/2023\/11\/P1_A5.1_RT12_LIV_FISA-INFORMARE-1_OCTOMBRIE-2023.pdf\">P1_A5.1_RT12_LIV_FISA-INFORMARE-1_OCTOMBRIE-2023.pdf<\/a><\/p>\n\n\n\n<p><a href=\"http:\/\/www.scoalaburuienesti.ro\/wp-content\/uploads\/2023\/11\/P1_A5.1_RT12_LIV_FISA-INFORMARE-2_OCTOMBRIE-2023.pdf\">P1_A5.1_RT12_LIV_FISA-INFORMARE-2_OCTOMBRIE-2023.pdf<\/a><\/p>\n\n\n\n<p><a href=\"http:\/\/www.scoalaburuienesti.ro\/wp-content\/uploads\/2023\/11\/P1_A5.1_RT12_LIV_FISA-INFORMARE-3_OCTOMBRIE-2023.pdf\">P1_A5.1_RT12_LIV_FISA-INFORMARE-3_OCTOMBRIE-2023.pdf<\/a><\/p>\n\n\n\n<p><a href=\"http:\/\/www.scoalaburuienesti.ro\/wp-content\/uploads\/2023\/11\/RI.pdf\">Regulament Intern<\/a><\/p>\n\n\n\n<p><a href=\"http:\/\/www.scoalaburuienesti.ro\/wp-content\/uploads\/2023\/11\/Rofuip.pdf\">Rofuip<\/a><\/p>\n\n\n\n<p><a href=\"http:\/\/www.scoalaburuienesti.ro\/wp-content\/uploads\/2023\/11\/Organigrama-Sc.-Buruienesti-1.pdf\">Organigrama-Sc.-Buruienesti<\/a><\/p>\n\n\n\n<p><a href=\"http:\/\/www.scoalaburuienesti.ro\/wp-content\/uploads\/2023\/10\/Rezultat-proba-scrisa-si-rezultat-final-concurs-muncitor-calificat.pdf\">Rezultat-proba-scrisa-si-rezultat-final-concurs-muncitor-calificat<\/a><\/p>\n\n\n\n<p><a href=\"http:\/\/www.scoalaburuienesti.ro\/wp-content\/uploads\/2023\/10\/SEL-DOSARE.pdf\">SEL-DOSARE<\/a><\/p>\n\n\n\n<p><a href=\"http:\/\/www.scoalaburuienesti.ro\/wp-content\/uploads\/2023\/10\/PART.pdf\">PAR<\/a>T<\/p>\n\n\n\n<p><a href=\"http:\/\/www.scoalaburuienesti.ro\/wp-content\/uploads\/2023\/10\/PR-SCRISA.pdf\">PR-SCRISA<\/a><\/p>\n\n\n\n<p><a rel=\"noreferrer noopener\" href=\"http:\/\/www.scoalaburuienesti.ro\/wp-content\/uploads\/2023\/09\/SBuruienesti_Anunt-concurs-muncitor-pages-2-5.pdf\" data-type=\"URL\" data-id=\"http:\/\/www.scoalaburuienesti.ro\/wp-content\/uploads\/2023\/09\/SBuruienesti_Anunt-concurs-muncitor-pages-2-5.pdf\" target=\"_blank\">Anunt-concurs-muncitor-pages-2-5.pdf<\/a><\/p>\n\n\n\n<p><a rel=\"noreferrer noopener\" href=\"http:\/\/www.scoalaburuienesti.ro\/wp-content\/uploads\/2023\/09\/Concurs-ore-educatie-plastica.pdf\" target=\"_blank\">Concurs-ore-educatie-plastica<\/a><\/p>\n\n\n\n<p><a rel=\"noreferrer noopener\" href=\"http:\/\/www.scoalaburuienesti.ro\/wp-content\/uploads\/2023\/08\/P1_A5.1_RT11_LIV_CARAVANE-DE-PROMOVARE_RUSU-MARIA-DIANA_IULIE-2023.pdf\" target=\"_blank\">P1_A5.1_RT11_LIV_CARAVANE-DE-PROMOVARE_RUSU-MARIA-DIANA_IULIE-2023<\/a><\/p>\n\n\n\n<p><a rel=\"noreferrer noopener\" href=\"http:\/\/www.scoalaburuienesti.ro\/wp-content\/uploads\/2023\/06\/Ghid_info_ENVIII_2023.pdf\" target=\"_blank\">INFORMA\u021aII UTILE PRIVIND DESF\u0102\u0218URAREA EVALU\u0102RII NA\u021aIONALE pentru absolven\u021bii clasei a VIII-a \/ANUL \u0218COLAR 2022-2023<\/a><\/p>\n\n\n\n<p><a rel=\"noreferrer noopener\" href=\"http:\/\/www.scoalaburuienesti.ro\/wp-content\/uploads\/2022\/12\/REZULTATE-PROBA-SCRISA-FOCHIST.pdf\" target=\"_blank\">Rezultate proba scrisa fochist<\/a><\/p>\n\n\n\n<p><a href=\"http:\/\/www.scoalaburuienesti.ro\/wp-content\/uploads\/2022\/12\/REZULTATE-FINALE-CONCURS-FOCHIST.pdf\" target=\"_blank\" rel=\"noreferrer noopener\">Rezultate finale concurs fochist<\/a><\/p>\n\n\n\n<p><a href=\"https:\/\/vaccinare-covid.gov.ro\/\">Platforma na\u021bional\u0103 de informare despre vaccinarea COVID-19<\/a><\/p>\n\n\n\n<p><a href=\"http:\/\/www.scoalaburuienesti.ro\/wp-content\/uploads\/2021\/11\/vaccinati.pdf\" data-type=\"URL\" data-id=\"http:\/\/www.scoalaburuienesti.ro\/wp-content\/uploads\/2021\/11\/vaccinati.pdf\">Situatie vaccinati 01.11.2021<\/a><\/p>\n\n\n\n<p><strong><em>Viziunea scolii e<strong>ste de promovare a valorii prin activit\u0103\u0163i, programe, proiecte, pentru a oferi elevilor un mediu educa\u0163ional echilibrat \u015fi stimulativ, o educa\u0163ie de tip european \u015fi posibilitatea, pentru to\u0163i copiii, de a atinge nivelul maxim de performan\u0163\u0103.<\/strong><\/em><\/strong><\/p>\n\n\n\n<p><strong><em>\u015ecoala gimnazial\u0103 \u201eGh.P\u0103tra\u0219cu\u201d, Buruiene\u0219ti, com. Dolje\u0219ti, jud. Neam\u021b,<\/em>&nbsp;ofer\u0103 \u015fanse egale tuturor elevilor, \u00eentr-un climat sigur \u015fi pl\u0103cut, \u00eencuraj\u00e2ndu-i s\u0103-\u015fi dezvolte competen\u0163e, pentru a asigura transferul cuno\u015ftin\u0163elor \u00een situa\u0163ii contextuale noi, \u00een vederea adapt\u0103rii la o societate \u00een continu\u0103 schimbare.<\/strong><\/p>\n\n\n\n<p><\/p>\n<\/div>","protected":false},"excerpt":{"rendered":"<p>OFERTA-EDUCATIONALA-SCOALA-BURUIENESTI-2026_2027 CONDITII-SPECIFICE Extras-procedura-acces-in-unitate Rezultate-finale-concurs-Educator-puericultor Rezultate-proba-interviu Rezultate-proba-scrisa dupa contestatii Rezultate-proba-scrisa_Anteprescolar Rezultate-selectie-dosare REGULAMENT-INTERN-2025-2026-GRADINTA-COMUNITARA-ROTUNDA Regulament-utilizare-teren-de-sport_Sc-Buruienesti-2025-2026 Regulament-de-ordine-interioara-SC-BURUIENESTI-2025-2026 Codul-de-Etica-pentru-invatamantul-preuniversitar-SC-BURUIENESTI-2025-2026 Regulament-de-Organizare-si-Functionare-SC-BURUIENESTI-2025-2026 Completare-la-anuntul-din-15.09.-ref.-concurs-Educator-puericultor<a href=\"https:\/\/www.scoalaburuienesti.ro\/\">Know More<i class=\"fa fa-long-arrow-right\" aria-hidden=\"true\"><\/i><\/a><\/p>\n","protected":false},"author":1,"featured_media":0,"parent":0,"menu_order":0,"comment_status":"closed","ping_status":"open","template":"","meta":{"ngg_post_thumbnail":0,"footnotes":""},"class_list":["post-2","page","type-page","status-publish","hentry"],"_links":{"self":[{"href":"https:\/\/www.scoalaburuienesti.ro\/index.php\/wp-json\/wp\/v2\/pages\/2","targetHints":{"allow":["GET"]}}],"collection":[{"href":"https:\/\/www.scoalaburuienesti.ro\/index.php\/wp-json\/wp\/v2\/pages"}],"about":[{"href":"https:\/\/www.scoalaburuienesti.ro\/index.php\/wp-json\/wp\/v2\/types\/page"}],"author":[{"embeddable":true,"href":"https:\/\/www.scoalaburuienesti.ro\/index.php\/wp-json\/wp\/v2\/users\/1"}],"replies":[{"embeddable":true,"href":"https:\/\/www.scoalaburuienesti.ro\/index.php\/wp-json\/wp\/v2\/comments?post=2"}],"version-history":[{"count":61,"href":"https:\/\/www.scoalaburuienesti.ro\/index.php\/wp-json\/wp\/v2\/pages\/2\/revisions"}],"predecessor-version":[{"id":411,"href":"https:\/\/www.scoalaburuienesti.ro\/index.php\/wp-json\/wp\/v2\/pages\/2\/revisions\/411"}],"wp:attachment":[{"href":"https:\/\/www.scoalaburuienesti.ro\/index.php\/wp-json\/wp\/v2\/media?parent=2"}],"curies":[{"name":"wp","href":"https:\/\/api.w.org\/{rel}","templated":true}]}}